{"id":34,"date":"2017-11-17T23:40:47","date_gmt":"2017-11-17T21:40:47","guid":{"rendered":"https:\/\/ohjelmanurkka.fi\/?page_id=34"},"modified":"2025-11-13T17:24:40","modified_gmt":"2025-11-13T15:24:40","slug":"etusivu","status":"publish","type":"page","link":"https:\/\/ohjelmanurkka.fi\/","title":{"rendered":"Etusivu"},"content":{"rendered":"<p class=\"fonts-plugin-block \" style=\"font-family: Mukta Mahee;font-weight: 200\">Ohjelmanurkka on tapahtumatuotantoon ja Dj-palveluihin erikoistunut firma. Tuotamme ohjelmaa tapahtumatekniikasta, dj- ja karaokepalveluihin sek\u00e4 videoprojisointeihin ja valaistuksiin.<br><br>Dj-palveluissa olemme kiistatta Suomen suurimpia toimijoita. Iso osa kalustostamme on my\u00f6s vuokrak\u00e4yt\u00f6ss\u00e4, joten jos haluat toteuttaa tekniikan itse ja vain laitteet uupuvat, ota meihin yhteytt\u00e4.<br><br>Olemme luotettava kumppani jonka kanssa asiointi on helppoa ja vaivatonta. Vastaamme tarjouspyynt\u00f6ihin aina v\u00e4hint\u00e4\u00e4n 24tunnin sis\u00e4ll\u00e4.<br><br>Tutustu rauhassa palveluihimme.<br><br><br>                                                                                                                                                             <br><\/p>\n\n\n<figure class=\"wp-block-image size-large\"><a href=\"https:\/\/ohjelmanurkka.fi\/tapahtumatekniikka\/valaistukset\/\"><img loading=\"lazy\" decoding=\"async\" width=\"1024\" height=\"256\" src=\"https:\/\/ohjelmanurkka.fi\/wp-content\/uploads\/2022\/03\/Valaistukset-mainos-1024x256.jpg\" alt=\"\" class=\"wp-image-1633\" srcset=\"https:\/\/ohjelmanurkka.fi\/wp-content\/uploads\/2022\/03\/Valaistukset-mainos-1024x256.jpg 1024w, https:\/\/ohjelmanurkka.fi\/wp-content\/uploads\/2022\/03\/Valaistukset-mainos-300x75.jpg 300w, https:\/\/ohjelmanurkka.fi\/wp-content\/uploads\/2022\/03\/Valaistukset-mainos-768x192.jpg 768w, https:\/\/ohjelmanurkka.fi\/wp-content\/uploads\/2022\/03\/Valaistukset-mainos.jpg 1200w\" sizes=\"auto, (max-width: 1024px) 100vw, 1024px\" \/><\/a><\/figure>\n\n\n\n<figure class=\"wp-block-image size-large\"><a href=\"https:\/\/ohjelmanurkka.fi\/tapahtumatekniikka\/katuaanentoisto\/\"><img loading=\"lazy\" decoding=\"async\" width=\"1024\" height=\"256\" src=\"https:\/\/ohjelmanurkka.fi\/wp-content\/uploads\/2022\/03\/Katua\u0308a\u0308nentoisto-KS-1024x256.jpg\" alt=\"\" class=\"wp-image-1728\" srcset=\"https:\/\/ohjelmanurkka.fi\/wp-content\/uploads\/2022\/03\/Katua\u0308a\u0308nentoisto-KS-1024x256.jpg 1024w, https:\/\/ohjelmanurkka.fi\/wp-content\/uploads\/2022\/03\/Katua\u0308a\u0308nentoisto-KS-300x75.jpg 300w, https:\/\/ohjelmanurkka.fi\/wp-content\/uploads\/2022\/03\/Katua\u0308a\u0308nentoisto-KS-768x192.jpg 768w, https:\/\/ohjelmanurkka.fi\/wp-content\/uploads\/2022\/03\/Katua\u0308a\u0308nentoisto-KS.jpg 1200w\" sizes=\"auto, (max-width: 1024px) 100vw, 1024px\" \/><\/a><\/figure>\n\n\n\n<figure class=\"wp-block-image size-large\"><a href=\"https:\/\/djpalvelut.fi\"><img loading=\"lazy\" decoding=\"async\" width=\"1024\" height=\"256\" src=\"https:\/\/ohjelmanurkka.fi\/wp-content\/uploads\/2022\/03\/Dj-palvelut-mainos-1024x256.jpg\" alt=\"\" class=\"wp-image-1636\" srcset=\"https:\/\/ohjelmanurkka.fi\/wp-content\/uploads\/2022\/03\/Dj-palvelut-mainos-1024x256.jpg 1024w, https:\/\/ohjelmanurkka.fi\/wp-content\/uploads\/2022\/03\/Dj-palvelut-mainos-300x75.jpg 300w, https:\/\/ohjelmanurkka.fi\/wp-content\/uploads\/2022\/03\/Dj-palvelut-mainos-768x192.jpg 768w, https:\/\/ohjelmanurkka.fi\/wp-content\/uploads\/2022\/03\/Dj-palvelut-mainos.jpg 1200w\" sizes=\"auto, (max-width: 1024px) 100vw, 1024px\" \/><\/a><\/figure>\n\n\n\n<figure class=\"wp-block-image size-large\"><img loading=\"lazy\" decoding=\"async\" width=\"1024\" height=\"256\" src=\"https:\/\/ohjelmanurkka.fi\/wp-content\/uploads\/2022\/03\/lasten-juhlat-mainos-ks-1024x256.jpg\" alt=\"\" class=\"wp-image-1630\" srcset=\"https:\/\/ohjelmanurkka.fi\/wp-content\/uploads\/2022\/03\/lasten-juhlat-mainos-ks-1024x256.jpg 1024w, https:\/\/ohjelmanurkka.fi\/wp-content\/uploads\/2022\/03\/lasten-juhlat-mainos-ks-300x75.jpg 300w, https:\/\/ohjelmanurkka.fi\/wp-content\/uploads\/2022\/03\/lasten-juhlat-mainos-ks-768x192.jpg 768w, https:\/\/ohjelmanurkka.fi\/wp-content\/uploads\/2022\/03\/lasten-juhlat-mainos-ks.jpg 1200w\" sizes=\"auto, (max-width: 1024px) 100vw, 1024px\" \/><\/figure>\n","protected":false},"excerpt":{"rendered":"","protected":false},"author":1,"featured_media":1622,"parent":0,"menu_order":0,"comment_status":"closed","ping_status":"closed","template":"","meta":{"footnotes":""},"class_list":["post-34","page","type-page","status-publish","has-post-thumbnail","hentry"],"acf":[],"yoast_head":"<title>Tapahtumatuotantoa koko Suomessa! Tutustu kattavaan tarjontaamme.<\/title>\n<meta name=\"description\" content=\"Tapahtumatekniikka, Videoprojisoinnit, valaistukset sek\u00e4 Dj-palvelut saman katon alta koko Suomeen.\" \/>\n<meta name=\"robots\" content=\"index, follow, max-snippet:-1, max-image-preview:large, max-video-preview:-1\" \/>\n<link rel=\"canonical\" href=\"https:\/\/ohjelmanurkka.fi\/\" \/>\n<meta property=\"og:locale\" content=\"fi_FI\" \/>\n<meta property=\"og:type\" content=\"article\" \/>\n<meta property=\"og:title\" content=\"Tapahtumatuotantoa koko Suomessa! Tutustu kattavaan tarjontaamme.\" \/>\n<meta property=\"og:description\" content=\"Tapahtumatekniikka, Videoprojisoinnit, valaistukset sek\u00e4 Dj-palvelut saman katon alta koko Suomeen.\" \/>\n<meta property=\"og:url\" content=\"https:\/\/ohjelmanurkka.fi\/\" \/>\n<meta property=\"og:site_name\" content=\"Ohjelmanurkka\" \/>\n<meta property=\"article:modified_time\" content=\"2025-11-13T15:24:40+00:00\" \/>\n<meta property=\"og:image\" content=\"https:\/\/ohjelmanurkka.fi\/wp-content\/uploads\/2022\/03\/Lasten-juhlat-kotisivu-1-scaled.jpg\" \/>\n\t<meta property=\"og:image:width\" content=\"2560\" \/>\n\t<meta property=\"og:image:height\" content=\"1095\" \/>\n\t<meta property=\"og:image:type\" content=\"image\/jpeg\" \/>\n<meta name=\"twitter:card\" content=\"summary_large_image\" \/>\n<meta name=\"twitter:label1\" content=\"Arvioitu lukuaika\" \/>\n\t<meta name=\"twitter:data1\" content=\"1 minuutti\" \/>\n<script type=\"application\/ld+json\" class=\"yoast-schema-graph\">{\"@context\":\"https:\/\/schema.org\",\"@graph\":[{\"@type\":\"WebPage\",\"@id\":\"https:\/\/ohjelmanurkka.fi\/\",\"url\":\"https:\/\/ohjelmanurkka.fi\/\",\"name\":\"Tapahtumatuotantoa koko Suomessa! Tutustu kattavaan tarjontaamme.\",\"isPartOf\":{\"@id\":\"https:\/\/ohjelmanurkka-fi.stackstaging.com\/#website\"},\"primaryImageOfPage\":{\"@id\":\"https:\/\/ohjelmanurkka.fi\/#primaryimage\"},\"image\":{\"@id\":\"https:\/\/ohjelmanurkka.fi\/#primaryimage\"},\"thumbnailUrl\":\"https:\/\/ohjelmanurkka.fi\/wp-content\/uploads\/2022\/03\/Lasten-juhlat-kotisivu-1-scaled.jpg\",\"datePublished\":\"2017-11-17T21:40:47+00:00\",\"dateModified\":\"2025-11-13T15:24:40+00:00\",\"description\":\"Tapahtumatekniikka, Videoprojisoinnit, valaistukset sek\u00e4 Dj-palvelut saman katon alta koko Suomeen.\",\"breadcrumb\":{\"@id\":\"https:\/\/ohjelmanurkka.fi\/#breadcrumb\"},\"inLanguage\":\"fi\",\"potentialAction\":[{\"@type\":\"ReadAction\",\"target\":[\"https:\/\/ohjelmanurkka.fi\/\"]}]},{\"@type\":\"ImageObject\",\"inLanguage\":\"fi\",\"@id\":\"https:\/\/ohjelmanurkka.fi\/#primaryimage\",\"url\":\"https:\/\/ohjelmanurkka.fi\/wp-content\/uploads\/2022\/03\/Lasten-juhlat-kotisivu-1-scaled.jpg\",\"contentUrl\":\"https:\/\/ohjelmanurkka.fi\/wp-content\/uploads\/2022\/03\/Lasten-juhlat-kotisivu-1-scaled.jpg\",\"width\":2560,\"height\":1095},{\"@type\":\"BreadcrumbList\",\"@id\":\"https:\/\/ohjelmanurkka.fi\/#breadcrumb\",\"itemListElement\":[{\"@type\":\"ListItem\",\"position\":1,\"name\":\"Home\",\"item\":\"https:\/\/ohjelmanurkka.fi\/\"},{\"@type\":\"ListItem\",\"position\":2,\"name\":\"Etusivu\"}]},{\"@type\":\"WebSite\",\"@id\":\"https:\/\/ohjelmanurkka-fi.stackstaging.com\/#website\",\"url\":\"https:\/\/ohjelmanurkka-fi.stackstaging.com\/\",\"name\":\"Ohjelmanurkka\",\"description\":\"Ohjelmanurkka\",\"potentialAction\":[{\"@type\":\"SearchAction\",\"target\":{\"@type\":\"EntryPoint\",\"urlTemplate\":\"https:\/\/ohjelmanurkka-fi.stackstaging.com\/?s={search_term_string}\"},\"query-input\":{\"@type\":\"PropertyValueSpecification\",\"valueRequired\":true,\"valueName\":\"search_term_string\"}}],\"inLanguage\":\"fi\"}]}<\/script>","yoast_head_json":{"title":"Tapahtumatuotantoa koko Suomessa! Tutustu kattavaan tarjontaamme.","description":"Tapahtumatekniikka, Videoprojisoinnit, valaistukset sek\u00e4 Dj-palvelut saman katon alta koko Suomeen.","robots":{"index":"index","follow":"follow","max-snippet":"max-snippet:-1","max-image-preview":"max-image-preview:large","max-video-preview":"max-video-preview:-1"},"canonical":"https:\/\/ohjelmanurkka.fi\/","og_locale":"fi_FI","og_type":"article","og_title":"Tapahtumatuotantoa koko Suomessa! Tutustu kattavaan tarjontaamme.","og_description":"Tapahtumatekniikka, Videoprojisoinnit, valaistukset sek\u00e4 Dj-palvelut saman katon alta koko Suomeen.","og_url":"https:\/\/ohjelmanurkka.fi\/","og_site_name":"Ohjelmanurkka","article_modified_time":"2025-11-13T15:24:40+00:00","og_image":[{"width":2560,"height":1095,"url":"https:\/\/ohjelmanurkka.fi\/wp-content\/uploads\/2022\/03\/Lasten-juhlat-kotisivu-1-scaled.jpg","type":"image\/jpeg"}],"twitter_card":"summary_large_image","twitter_misc":{"Arvioitu lukuaika":"1 minuutti"},"schema":{"@context":"https:\/\/schema.org","@graph":[{"@type":"WebPage","@id":"https:\/\/ohjelmanurkka.fi\/","url":"https:\/\/ohjelmanurkka.fi\/","name":"Tapahtumatuotantoa koko Suomessa! Tutustu kattavaan tarjontaamme.","isPartOf":{"@id":"https:\/\/ohjelmanurkka-fi.stackstaging.com\/#website"},"primaryImageOfPage":{"@id":"https:\/\/ohjelmanurkka.fi\/#primaryimage"},"image":{"@id":"https:\/\/ohjelmanurkka.fi\/#primaryimage"},"thumbnailUrl":"https:\/\/ohjelmanurkka.fi\/wp-content\/uploads\/2022\/03\/Lasten-juhlat-kotisivu-1-scaled.jpg","datePublished":"2017-11-17T21:40:47+00:00","dateModified":"2025-11-13T15:24:40+00:00","description":"Tapahtumatekniikka, Videoprojisoinnit, valaistukset sek\u00e4 Dj-palvelut saman katon alta koko Suomeen.","breadcrumb":{"@id":"https:\/\/ohjelmanurkka.fi\/#breadcrumb"},"inLanguage":"fi","potentialAction":[{"@type":"ReadAction","target":["https:\/\/ohjelmanurkka.fi\/"]}]},{"@type":"ImageObject","inLanguage":"fi","@id":"https:\/\/ohjelmanurkka.fi\/#primaryimage","url":"https:\/\/ohjelmanurkka.fi\/wp-content\/uploads\/2022\/03\/Lasten-juhlat-kotisivu-1-scaled.jpg","contentUrl":"https:\/\/ohjelmanurkka.fi\/wp-content\/uploads\/2022\/03\/Lasten-juhlat-kotisivu-1-scaled.jpg","width":2560,"height":1095},{"@type":"BreadcrumbList","@id":"https:\/\/ohjelmanurkka.fi\/#breadcrumb","itemListElement":[{"@type":"ListItem","position":1,"name":"Home","item":"https:\/\/ohjelmanurkka.fi\/"},{"@type":"ListItem","position":2,"name":"Etusivu"}]},{"@type":"WebSite","@id":"https:\/\/ohjelmanurkka-fi.stackstaging.com\/#website","url":"https:\/\/ohjelmanurkka-fi.stackstaging.com\/","name":"Ohjelmanurkka","description":"Ohjelmanurkka","potentialAction":[{"@type":"SearchAction","target":{"@type":"EntryPoint","urlTemplate":"https:\/\/ohjelmanurkka-fi.stackstaging.com\/?s={search_term_string}"},"query-input":{"@type":"PropertyValueSpecification","valueRequired":true,"valueName":"search_term_string"}}],"inLanguage":"fi"}]}},"_links":{"self":[{"href":"https:\/\/ohjelmanurkka.fi\/wp-json\/wp\/v2\/pages\/34","targetHints":{"allow":["GET"]}}],"collection":[{"href":"https:\/\/ohjelmanurkka.fi\/wp-json\/wp\/v2\/pages"}],"about":[{"href":"https:\/\/ohjelmanurkka.fi\/wp-json\/wp\/v2\/types\/page"}],"author":[{"embeddable":true,"href":"https:\/\/ohjelmanurkka.fi\/wp-json\/wp\/v2\/users\/1"}],"replies":[{"embeddable":true,"href":"https:\/\/ohjelmanurkka.fi\/wp-json\/wp\/v2\/comments?post=34"}],"version-history":[{"count":19,"href":"https:\/\/ohjelmanurkka.fi\/wp-json\/wp\/v2\/pages\/34\/revisions"}],"predecessor-version":[{"id":2257,"href":"https:\/\/ohjelmanurkka.fi\/wp-json\/wp\/v2\/pages\/34\/revisions\/2257"}],"wp:featuredmedia":[{"embeddable":true,"href":"https:\/\/ohjelmanurkka.fi\/wp-json\/wp\/v2\/media\/1622"}],"wp:attachment":[{"href":"https:\/\/ohjelmanurkka.fi\/wp-json\/wp\/v2\/media?parent=34"}],"curies":[{"name":"wp","href":"https:\/\/api.w.org\/{rel}","templated":true}]}}